{"id":1366,"date":"2016-10-03T06:59:29","date_gmt":"2016-10-03T06:59:29","guid":{"rendered":"http:\/\/www.indaraba.es\/politica-de-privacidad\/"},"modified":"2016-10-03T06:59:29","modified_gmt":"2016-10-03T06:59:29","slug":"politica-de-privacidad","status":"publish","type":"page","link":"https:\/\/www.indaraba.es\/de\/politica-de-privacidad\/","title":{"rendered":"Pol\u00edtica de privacidad"},"content":{"rendered":"\n<style type=\"text\/css\" data-created_by=\"avia_inline_auto\" id=\"style-css-av-av_heading-4e5874a6d91bb82448262b932b7c760e\">\n#top .av-special-heading.av-av_heading-4e5874a6d91bb82448262b932b7c760e{\npadding-bottom:0;\n}\nbody .av-special-heading.av-av_heading-4e5874a6d91bb82448262b932b7c760e .av-special-heading-tag .heading-char{\nfont-size:25px;\n}\n.av-special-heading.av-av_heading-4e5874a6d91bb82448262b932b7c760e .av-subheading{\nfont-size:15px;\n}\n<\/style>\n<div  class='av-special-heading av-av_heading-4e5874a6d91bb82448262b932b7c760e av-special-heading-h1 blockquote modern-quote modern-centered  avia-builder-el-0  el_before_av_hr  avia-builder-el-first '><h1 class='av-special-heading-tag '  itemprop=\"headline\"  >Pol\u00edtica de privacidad<\/h1><div class=\"special-heading-border\"><div class=\"special-heading-inner-border\"><\/div><\/div><\/div>\n<div  class='hr av-av_hr-bad5bc90bcef2f12297bff634a297b07 hr-short  avia-builder-el-1  el_after_av_heading  el_before_av_textblock  hr-center'><span class='hr-inner '><span class=\"hr-inner-style\"><\/span><\/span><\/div>\n<section  class='av_textblock_section av-av_textblock-0366cc7376be6c9e82a3e9cc8987b64f '   itemscope=\"itemscope\" itemtype=\"https:\/\/schema.org\/CreativeWork\" ><div class='avia_textblock'  itemprop=\"text\" ><h2>1. Objeto de la web<\/h2>\n<p>El presente Aviso Legal recoge las condiciones de uso general de los productos ofrecidos por la empresa I<span class=\"Estilo11\">NDUSTRIAS ARABA S.L.<\/span>, en relaci\u00f3n a las personas que lo utilizan (en adelante USUARIO).<\/p>\n<p>Esta p\u00e1gina web ha sido desarrollada con el objeto de ofrecer al USUARIO un sistema f\u00e1cil de utilizar y fiable de cara a la informaci\u00f3n sobre los servicios que ofrece I<span class=\"Estilo11\">NDUSTRIAS ARABA S.L.<\/span>.<\/p>\n<p>El propietario del dominio (www.indaraba.es ) y encargado de su dise\u00f1o, contenido, desarrollo inform\u00e1tico y mantenimiento t\u00e9cnico es I<span class=\"Estilo11\">NDUSTRIAS ARABA S.L.<\/span> domiciliado en Uzbina, 1 (Polig. Ind. J\u00fandiz), 01015 Vitoria-Gasteiz, \u00c1lava.<\/p>\n<h2>2. Protecci\u00f3n de datos<\/h2>\n<p>De conformidad con lo establecido por la Ley Org\u00e1nica 15\/1999, de 13 de diciembre, de Protecci\u00f3n de Datos de car\u00e1cter personal, el USUARIO consiente la inclusi\u00f3n de sus datos en un fichero del que es titular I<span class=\"Estilo11\">NDUSTRIAS ARABA S.L.<\/span>, y que los mismos sean utilizados para fines informativos en caso de hacer una suscripci\u00f3n a los boletines. Asimismo, el USUARIO declara estar informado sobre los derechos de acceso, rectificaci\u00f3n, cancelaci\u00f3n y oposici\u00f3n que podr\u00e1 ejercitar en el domicilio de I<span class=\"Estilo11\">NDUSTRIAS ARABA S.L.<\/span> Uzbina, 1 (Polig. Ind. J\u00fandiz), 01015 Vitoria-Gasteiz, \u00c1lava; o bien remitiendo un mensaje a la direcci\u00f3n de correo electr\u00f3nico indaraba@indaraba.es\u201d.<\/p>\n<h2>3. Acceso y uso<\/h2>\n<p>Las personas que acceden a esta p\u00e1gina web y\/o utilizan informaci\u00f3n o realizan transacciones comerciales a trav\u00e9s de esta, adquieren la condici\u00f3n de USUARIOS comprometi\u00e9ndose a la observaci\u00f3n y cumplimiento riguroso de las disposiciones aqu\u00ed establecidas, as\u00ed como cualquier otra que legalmente fuera de aplicaci\u00f3n.<\/p>\n<p>Se pone de conocimiento de los USUARIOS que las condiciones generales del uso de esta p\u00e1gina web pueden ser modificadas sin notificaci\u00f3n previa.<\/p>\n<h2>4. Contenidos<\/h2>\n<p>Los elementos existentes en esta p\u00e1gina web , tanto el dise\u00f1o, contenido, desarrollo inform\u00e1tico y mantenimiento t\u00e9cnico, se encuentran protegidos por la normativa de propiedad intelectual e industrial.<\/p>\n<p>Cualquier uso que suponga la reproducci\u00f3n total o parcial, distribuci\u00f3n, transformaci\u00f3n y comercializaci\u00f3n, no est\u00e1 permitido y requiere en todo caso de la autorizaci\u00f3n escrita previa por parte de I<span class=\"Estilo11\">NDUSTRIAS ARABA S.L.<\/span>.<\/p>\n<h2>5. Responsabilidad<\/h2>\n<p>Todos los enlaces que conduzcan a esta p\u00e1gina web, no podr\u00e1n mostrar de manera directa o indirecta, indicaciones falsas, inexactas o confusas. De igual forma I<span class=\"Estilo11\">NDUSTRIAS ARABA S.L.<\/span> no se responsabiliza de que los enlaces externos se encuentren siempre operativos.<\/p>\n<p>La p\u00e1gina web ha sido probada y se revisa peri\u00f3dicamente para garantizar la seguridad y ausencia de virus en sus sistemas. Igualmente se garantiza el correcto funcionamiento t\u00e9cnico, no obstante, no se descarta la posibilidad de alg\u00fan posible error de programaci\u00f3n o que acontezcan causas de fuerza mayor que hagan imposible el acceso a la p\u00e1gina web. En este caso se actuar\u00e1 con la m\u00e1xima diligencia hasta subsanar el problema a la mayor brevedad posible.<\/p>\n<h2>6. Legislaci\u00f3n aplicable<\/h2>\n<p>Para las resoluciones de cualquier controversia o cuestiones relacionadas con la presente p\u00e1gina web ser\u00e1 de aplicaci\u00f3n la legislaci\u00f3n espa\u00f1ola someti\u00e9ndose expresamente las partes intervinientes a los Juzgados y Tribunales de \u00c1lava.<\/p>\n<\/div><\/section>\n","protected":false},"excerpt":{"rendered":"","protected":false},"author":1,"featured_media":0,"parent":0,"menu_order":0,"comment_status":"closed","ping_status":"open","template":"","meta":{"footnotes":""},"class_list":["post-1366","page","type-page","status-publish","hentry"],"yoast_head":"<!-- This site is optimized with the Yoast SEO plugin v27.3 - https:\/\/yoast.com\/product\/yoast-seo-wordpress\/ -->\n<title>Pol\u00edtica de privacidad - Indaraba<\/title>\n<meta name=\"robots\" content=\"index, follow, max-snippet:-1, max-image-preview:large, max-video-preview:-1\" \/>\n<link rel=\"canonical\" href=\"https:\/\/www.indaraba.es\/de\/politica-de-privacidad\/\" \/>\n<meta property=\"og:locale\" content=\"de_DE\" \/>\n<meta property=\"og:type\" content=\"article\" \/>\n<meta property=\"og:title\" content=\"Pol\u00edtica de privacidad - Indaraba\" \/>\n<meta property=\"og:url\" content=\"https:\/\/www.indaraba.es\/de\/politica-de-privacidad\/\" \/>\n<meta property=\"og:site_name\" content=\"Indaraba\" \/>\n<meta name=\"twitter:card\" content=\"summary_large_image\" \/>\n<meta name=\"twitter:label1\" content=\"Gesch\u00e4tzte Lesezeit\" \/>\n\t<meta name=\"twitter:data1\" content=\"3\u00a0Minuten\" \/>\n<script type=\"application\/ld+json\" class=\"yoast-schema-graph\">{\"@context\":\"https:\\\/\\\/schema.org\",\"@graph\":[{\"@type\":\"WebPage\",\"@id\":\"https:\\\/\\\/www.indaraba.es\\\/de\\\/politica-de-privacidad\\\/\",\"url\":\"https:\\\/\\\/www.indaraba.es\\\/de\\\/politica-de-privacidad\\\/\",\"name\":\"Pol\u00edtica de privacidad - Indaraba\",\"isPartOf\":{\"@id\":\"https:\\\/\\\/www.indaraba.es\\\/#website\"},\"datePublished\":\"2016-10-03T06:59:29+00:00\",\"breadcrumb\":{\"@id\":\"https:\\\/\\\/www.indaraba.es\\\/de\\\/politica-de-privacidad\\\/#breadcrumb\"},\"inLanguage\":\"de\",\"potentialAction\":[{\"@type\":\"ReadAction\",\"target\":[\"https:\\\/\\\/www.indaraba.es\\\/de\\\/politica-de-privacidad\\\/\"]}]},{\"@type\":\"BreadcrumbList\",\"@id\":\"https:\\\/\\\/www.indaraba.es\\\/de\\\/politica-de-privacidad\\\/#breadcrumb\",\"itemListElement\":[{\"@type\":\"ListItem\",\"position\":1,\"name\":\"Portada\",\"item\":\"https:\\\/\\\/www.indaraba.es\\\/de\\\/\"},{\"@type\":\"ListItem\",\"position\":2,\"name\":\"Pol\u00edtica de privacidad\"}]},{\"@type\":\"WebSite\",\"@id\":\"https:\\\/\\\/www.indaraba.es\\\/#website\",\"url\":\"https:\\\/\\\/www.indaraba.es\\\/\",\"name\":\"Indaraba\",\"description\":\"Mecanizado CNC\",\"potentialAction\":[{\"@type\":\"SearchAction\",\"target\":{\"@type\":\"EntryPoint\",\"urlTemplate\":\"https:\\\/\\\/www.indaraba.es\\\/?s={search_term_string}\"},\"query-input\":{\"@type\":\"PropertyValueSpecification\",\"valueRequired\":true,\"valueName\":\"search_term_string\"}}],\"inLanguage\":\"de\"}]}<\/script>\n<!-- \/ Yoast SEO plugin. -->","yoast_head_json":{"title":"Pol\u00edtica de privacidad - Indaraba","robots":{"index":"index","follow":"follow","max-snippet":"max-snippet:-1","max-image-preview":"max-image-preview:large","max-video-preview":"max-video-preview:-1"},"canonical":"https:\/\/www.indaraba.es\/de\/politica-de-privacidad\/","og_locale":"de_DE","og_type":"article","og_title":"Pol\u00edtica de privacidad - Indaraba","og_url":"https:\/\/www.indaraba.es\/de\/politica-de-privacidad\/","og_site_name":"Indaraba","twitter_card":"summary_large_image","twitter_misc":{"Gesch\u00e4tzte Lesezeit":"3\u00a0Minuten"},"schema":{"@context":"https:\/\/schema.org","@graph":[{"@type":"WebPage","@id":"https:\/\/www.indaraba.es\/de\/politica-de-privacidad\/","url":"https:\/\/www.indaraba.es\/de\/politica-de-privacidad\/","name":"Pol\u00edtica de privacidad - Indaraba","isPartOf":{"@id":"https:\/\/www.indaraba.es\/#website"},"datePublished":"2016-10-03T06:59:29+00:00","breadcrumb":{"@id":"https:\/\/www.indaraba.es\/de\/politica-de-privacidad\/#breadcrumb"},"inLanguage":"de","potentialAction":[{"@type":"ReadAction","target":["https:\/\/www.indaraba.es\/de\/politica-de-privacidad\/"]}]},{"@type":"BreadcrumbList","@id":"https:\/\/www.indaraba.es\/de\/politica-de-privacidad\/#breadcrumb","itemListElement":[{"@type":"ListItem","position":1,"name":"Portada","item":"https:\/\/www.indaraba.es\/de\/"},{"@type":"ListItem","position":2,"name":"Pol\u00edtica de privacidad"}]},{"@type":"WebSite","@id":"https:\/\/www.indaraba.es\/#website","url":"https:\/\/www.indaraba.es\/","name":"Indaraba","description":"Mecanizado CNC","potentialAction":[{"@type":"SearchAction","target":{"@type":"EntryPoint","urlTemplate":"https:\/\/www.indaraba.es\/?s={search_term_string}"},"query-input":{"@type":"PropertyValueSpecification","valueRequired":true,"valueName":"search_term_string"}}],"inLanguage":"de"}]}},"_links":{"self":[{"href":"https:\/\/www.indaraba.es\/de\/wp-json\/wp\/v2\/pages\/1366","targetHints":{"allow":["GET"]}}],"collection":[{"href":"https:\/\/www.indaraba.es\/de\/wp-json\/wp\/v2\/pages"}],"about":[{"href":"https:\/\/www.indaraba.es\/de\/wp-json\/wp\/v2\/types\/page"}],"author":[{"embeddable":true,"href":"https:\/\/www.indaraba.es\/de\/wp-json\/wp\/v2\/users\/1"}],"replies":[{"embeddable":true,"href":"https:\/\/www.indaraba.es\/de\/wp-json\/wp\/v2\/comments?post=1366"}],"version-history":[{"count":0,"href":"https:\/\/www.indaraba.es\/de\/wp-json\/wp\/v2\/pages\/1366\/revisions"}],"wp:attachment":[{"href":"https:\/\/www.indaraba.es\/de\/wp-json\/wp\/v2\/media?parent=1366"}],"curies":[{"name":"wp","href":"https:\/\/api.w.org\/{rel}","templated":true}]}}