{"id":1356,"date":"2015-10-15T15:32:49","date_gmt":"2015-10-15T13:32:49","guid":{"rendered":"http:\/\/www.indaraba.es\/medios\/"},"modified":"2025-09-11T09:24:13","modified_gmt":"2025-09-11T07:24:13","slug":"betriebsmittel-2","status":"publish","type":"page","link":"https:\/\/www.indaraba.es\/de\/betriebsmittel-2\/","title":{"rendered":"Betriebsmittel"},"content":{"rendered":"\n<style type=\"text\/css\" data-created_by=\"avia_inline_auto\" id=\"style-css-av-3kglmt-0d1fecdfc132115db4fa4f0796862d8c\">\n#top .av-special-heading.av-3kglmt-0d1fecdfc132115db4fa4f0796862d8c{\npadding-bottom:0;\n}\nbody .av-special-heading.av-3kglmt-0d1fecdfc132115db4fa4f0796862d8c .av-special-heading-tag .heading-char{\nfont-size:25px;\n}\n.av-special-heading.av-3kglmt-0d1fecdfc132115db4fa4f0796862d8c .av-subheading{\nfont-size:15px;\n}\n<\/style>\n<div  class='av-special-heading av-3kglmt-0d1fecdfc132115db4fa4f0796862d8c av-special-heading-h1 blockquote modern-quote modern-centered  avia-builder-el-0  el_before_av_hr  avia-builder-el-first '><h1 class='av-special-heading-tag '  itemprop=\"headline\"  >Betriebsmittel<\/h1><div class=\"special-heading-border\"><div class=\"special-heading-inner-border\"><\/div><\/div><\/div>\n<div  class='hr av-3exfvp-561c8d0306c70567aca22db14d23bdff hr-short  avia-builder-el-1  el_after_av_heading  el_before_av_one_full  hr-center'><span class='hr-inner '><span class=\"hr-inner-style\"><\/span><\/span><\/div>\n\n<style type=\"text\/css\" data-created_by=\"avia_inline_auto\" id=\"style-css-av-37a1j1-212c40105645b035b275d10b62b4de21\">\n#top .flex_column.av-37a1j1-212c40105645b035b275d10b62b4de21{\nmargin-top:0px;\nmargin-bottom:20px;\n}\n.flex_column.av-37a1j1-212c40105645b035b275d10b62b4de21{\nborder-radius:0px 0px 0px 0px;\npadding:20px 20px 20px 20px;\nbackground-color:#edf1f4;\n}\n.responsive #top #wrap_all .flex_column.av-37a1j1-212c40105645b035b275d10b62b4de21{\nmargin-top:0px;\nmargin-bottom:20px;\n}\n<\/style>\n<div  class='flex_column av-37a1j1-212c40105645b035b275d10b62b4de21 av_one_full  avia-builder-el-2  el_after_av_hr  el_before_av_one_half  first flex_column_div  '     ><style type=\"text\/css\" data-created_by=\"avia_inline_auto\" id=\"style-css-av-34mrqt-974ee2b813fb6050177d5d1f8b03a5d7\">\n#top .av-special-heading.av-34mrqt-974ee2b813fb6050177d5d1f8b03a5d7{\npadding-bottom:10px;\n}\nbody .av-special-heading.av-34mrqt-974ee2b813fb6050177d5d1f8b03a5d7 .av-special-heading-tag .heading-char{\nfont-size:25px;\n}\n.av-special-heading.av-34mrqt-974ee2b813fb6050177d5d1f8b03a5d7 .av-subheading{\nfont-size:15px;\n}\n<\/style>\n<div  class='av-special-heading av-34mrqt-974ee2b813fb6050177d5d1f8b03a5d7 av-special-heading-h2 blockquote modern-quote modern-centered  avia-builder-el-3  avia-builder-el-no-sibling '><h2 class='av-special-heading-tag '  itemprop=\"headline\"  >Unsere Bearbeitungszentren \u2013 neueste Maschinengeneration<\/h2><div class=\"special-heading-border\"><div class=\"special-heading-inner-border\"><\/div><\/div><\/div><\/div>\n\n<style type=\"text\/css\" data-created_by=\"avia_inline_auto\" id=\"style-css-av-2v8nod-6019659caab036feecff7bb95714a398\">\n.flex_column.av-2v8nod-6019659caab036feecff7bb95714a398{\nborder-radius:0px 0px 0px 0px;\npadding:0px 0px 0px 0px;\n}\n<\/style>\n<div  class='flex_column av-2v8nod-6019659caab036feecff7bb95714a398 av_one_half  avia-builder-el-4  el_after_av_one_full  el_before_av_one_half  first flex_column_div av-zero-column-padding  column-top-margin'     ><p><div  class='avia-slideshow av-2stq1p-2d9d21e829a1acdb62a76629c79b5231 avia-slideshow-featured_large av_slideshow avia-slide-slider  avia-builder-el-5  el_before_av_heading  avia-builder-el-first  av-slideshow-ui av-control-default av-slideshow-autoplay av-loop-endless av-loop-manual-endless av-default-height-applied avia-slideshow-1' data-slideshow-options=\"{&quot;animation&quot;:&quot;slide&quot;,&quot;autoplay&quot;:true,&quot;loop_autoplay&quot;:&quot;endless&quot;,&quot;interval&quot;:4,&quot;loop_manual&quot;:&quot;manual-endless&quot;,&quot;autoplay_stopper&quot;:false,&quot;noNavigation&quot;:false,&quot;bg_slider&quot;:false,&quot;keep_padding&quot;:false,&quot;hoverpause&quot;:false,&quot;show_slide_delay&quot;:0}\"  itemprop=\"image\" itemscope=\"itemscope\" itemtype=\"https:\/\/schema.org\/ImageObject\" ><ul class='avia-slideshow-inner ' style='padding-bottom: 66.777777777778%;'><li  class='avia-slideshow-slide av-2stq1p-2d9d21e829a1acdb62a76629c79b5231__0  slide-1 slide-odd'><div data-rel='slideshow-1' class='avia-slide-wrap '   ><img decoding=\"async\" fetchpriority=\"high\" class=\"wp-image-1357 avia-img-lazy-loading-not-1357\"  src=\"https:\/\/www.indaraba.es\/wp-content\/uploads\/2015\/10\/indaraba-medios-1.jpg\" width=\"900\" height=\"601\" title='indaraba-medios-1' alt=''  itemprop=\"thumbnailUrl\" srcset=\"https:\/\/www.indaraba.es\/wp-content\/uploads\/2015\/10\/indaraba-medios-1.jpg 900w, https:\/\/www.indaraba.es\/wp-content\/uploads\/2015\/10\/indaraba-medios-1-300x200.jpg 300w, https:\/\/www.indaraba.es\/wp-content\/uploads\/2015\/10\/indaraba-medios-1-768x513.jpg 768w, https:\/\/www.indaraba.es\/wp-content\/uploads\/2015\/10\/indaraba-medios-1-705x471.jpg 705w, https:\/\/www.indaraba.es\/wp-content\/uploads\/2015\/10\/indaraba-medios-1-450x301.jpg 450w\" sizes=\"(max-width: 900px) 100vw, 900px\" \/><\/div><\/li><li  class='avia-slideshow-slide av-2stq1p-2d9d21e829a1acdb62a76629c79b5231__1  slide-2 slide-even'><div data-rel='slideshow-1' class='avia-slide-wrap '   ><img decoding=\"async\" fetchpriority=\"high\" class=\"wp-image-1520 avia-img-lazy-loading-not-1520\"  src=\"https:\/\/www.indaraba.es\/wp-content\/uploads\/2015\/10\/indaraba-medios-2.jpg\" width=\"900\" height=\"601\" title='indaraba-medios-2' alt=''  itemprop=\"thumbnailUrl\" srcset=\"https:\/\/www.indaraba.es\/wp-content\/uploads\/2015\/10\/indaraba-medios-2.jpg 900w, https:\/\/www.indaraba.es\/wp-content\/uploads\/2015\/10\/indaraba-medios-2-300x200.jpg 300w, https:\/\/www.indaraba.es\/wp-content\/uploads\/2015\/10\/indaraba-medios-2-768x513.jpg 768w, https:\/\/www.indaraba.es\/wp-content\/uploads\/2015\/10\/indaraba-medios-2-705x471.jpg 705w, https:\/\/www.indaraba.es\/wp-content\/uploads\/2015\/10\/indaraba-medios-2-450x301.jpg 450w\" sizes=\"(max-width: 900px) 100vw, 900px\" \/><\/div><\/li><li  class='avia-slideshow-slide av-2stq1p-2d9d21e829a1acdb62a76629c79b5231__2  slide-3 slide-odd'><div data-rel='slideshow-1' class='avia-slide-wrap '   ><img decoding=\"async\" fetchpriority=\"high\" class=\"wp-image-1521 avia-img-lazy-loading-not-1521\"  src=\"https:\/\/www.indaraba.es\/wp-content\/uploads\/2015\/10\/indaraba-medios-3.jpg\" width=\"900\" height=\"601\" title='indaraba-medios-3' alt=''  itemprop=\"thumbnailUrl\" srcset=\"https:\/\/www.indaraba.es\/wp-content\/uploads\/2015\/10\/indaraba-medios-3.jpg 900w, https:\/\/www.indaraba.es\/wp-content\/uploads\/2015\/10\/indaraba-medios-3-300x200.jpg 300w, https:\/\/www.indaraba.es\/wp-content\/uploads\/2015\/10\/indaraba-medios-3-768x513.jpg 768w, https:\/\/www.indaraba.es\/wp-content\/uploads\/2015\/10\/indaraba-medios-3-705x471.jpg 705w, https:\/\/www.indaraba.es\/wp-content\/uploads\/2015\/10\/indaraba-medios-3-450x301.jpg 450w\" sizes=\"(max-width: 900px) 100vw, 900px\" \/><\/div><\/li><li  class='avia-slideshow-slide av-2stq1p-2d9d21e829a1acdb62a76629c79b5231__3  slide-4 slide-even'><div data-rel='slideshow-1' class='avia-slide-wrap '   ><img decoding=\"async\" fetchpriority=\"high\" class=\"wp-image-1522 avia-img-lazy-loading-not-1522\"  src=\"https:\/\/www.indaraba.es\/wp-content\/uploads\/2015\/10\/indaraba-medios-4.jpg\" width=\"900\" height=\"601\" title='indaraba-medios-4' alt=''  itemprop=\"thumbnailUrl\" srcset=\"https:\/\/www.indaraba.es\/wp-content\/uploads\/2015\/10\/indaraba-medios-4.jpg 900w, https:\/\/www.indaraba.es\/wp-content\/uploads\/2015\/10\/indaraba-medios-4-300x200.jpg 300w, https:\/\/www.indaraba.es\/wp-content\/uploads\/2015\/10\/indaraba-medios-4-768x513.jpg 768w, https:\/\/www.indaraba.es\/wp-content\/uploads\/2015\/10\/indaraba-medios-4-705x471.jpg 705w, https:\/\/www.indaraba.es\/wp-content\/uploads\/2015\/10\/indaraba-medios-4-450x301.jpg 450w\" sizes=\"(max-width: 900px) 100vw, 900px\" \/><\/div><\/li><li  class='avia-slideshow-slide av-2stq1p-2d9d21e829a1acdb62a76629c79b5231__4  slide-5 slide-odd'><div data-rel='slideshow-1' class='avia-slide-wrap '   ><img decoding=\"async\" fetchpriority=\"high\" class=\"wp-image-1523 avia-img-lazy-loading-not-1523\"  src=\"https:\/\/www.indaraba.es\/wp-content\/uploads\/2015\/10\/indaraba-medios-5.jpg\" width=\"900\" height=\"601\" title='indaraba-medios-5' alt=''  itemprop=\"thumbnailUrl\" srcset=\"https:\/\/www.indaraba.es\/wp-content\/uploads\/2015\/10\/indaraba-medios-5.jpg 900w, https:\/\/www.indaraba.es\/wp-content\/uploads\/2015\/10\/indaraba-medios-5-300x200.jpg 300w, https:\/\/www.indaraba.es\/wp-content\/uploads\/2015\/10\/indaraba-medios-5-768x513.jpg 768w, https:\/\/www.indaraba.es\/wp-content\/uploads\/2015\/10\/indaraba-medios-5-705x471.jpg 705w, https:\/\/www.indaraba.es\/wp-content\/uploads\/2015\/10\/indaraba-medios-5-450x301.jpg 450w\" sizes=\"(max-width: 900px) 100vw, 900px\" \/><\/div><\/li><li  class='avia-slideshow-slide av-2stq1p-2d9d21e829a1acdb62a76629c79b5231__5  slide-6 slide-even'><div data-rel='slideshow-1' class='avia-slide-wrap '   ><img decoding=\"async\" fetchpriority=\"high\" class=\"wp-image-1527 avia-img-lazy-loading-not-1527\"  src=\"https:\/\/www.indaraba.es\/wp-content\/uploads\/2015\/10\/indaraba-medios-6-2.jpg\" width=\"900\" height=\"601\" title='indaraba-medios-6-2' alt=''  itemprop=\"thumbnailUrl\" srcset=\"https:\/\/www.indaraba.es\/wp-content\/uploads\/2015\/10\/indaraba-medios-6-2.jpg 900w, https:\/\/www.indaraba.es\/wp-content\/uploads\/2015\/10\/indaraba-medios-6-2-300x200.jpg 300w, https:\/\/www.indaraba.es\/wp-content\/uploads\/2015\/10\/indaraba-medios-6-2-768x513.jpg 768w, https:\/\/www.indaraba.es\/wp-content\/uploads\/2015\/10\/indaraba-medios-6-2-705x471.jpg 705w, https:\/\/www.indaraba.es\/wp-content\/uploads\/2015\/10\/indaraba-medios-6-2-450x301.jpg 450w\" sizes=\"(max-width: 900px) 100vw, 900px\" \/><\/div><\/li><li  class='avia-slideshow-slide av-2stq1p-2d9d21e829a1acdb62a76629c79b5231__6  slide-7 slide-odd'><div data-rel='slideshow-1' class='avia-slide-wrap '   ><img decoding=\"async\" fetchpriority=\"high\" class=\"wp-image-1525 avia-img-lazy-loading-not-1525\"  src=\"https:\/\/www.indaraba.es\/wp-content\/uploads\/2015\/10\/indaraba-medios-7.jpg\" width=\"900\" height=\"601\" title='indaraba-medios-7' alt=''  itemprop=\"thumbnailUrl\" srcset=\"https:\/\/www.indaraba.es\/wp-content\/uploads\/2015\/10\/indaraba-medios-7.jpg 900w, https:\/\/www.indaraba.es\/wp-content\/uploads\/2015\/10\/indaraba-medios-7-300x200.jpg 300w, https:\/\/www.indaraba.es\/wp-content\/uploads\/2015\/10\/indaraba-medios-7-768x513.jpg 768w, https:\/\/www.indaraba.es\/wp-content\/uploads\/2015\/10\/indaraba-medios-7-705x471.jpg 705w, https:\/\/www.indaraba.es\/wp-content\/uploads\/2015\/10\/indaraba-medios-7-450x301.jpg 450w\" sizes=\"(max-width: 900px) 100vw, 900px\" \/><\/div><\/li><li  class='avia-slideshow-slide av-2stq1p-2d9d21e829a1acdb62a76629c79b5231__7  slide-8 slide-even'><div data-rel='slideshow-1' class='avia-slide-wrap '   ><img decoding=\"async\" fetchpriority=\"high\" class=\"wp-image-1526 avia-img-lazy-loading-not-1526\"  src=\"https:\/\/www.indaraba.es\/wp-content\/uploads\/2015\/10\/indaraba-medios-8.jpg\" width=\"900\" height=\"601\" title='indaraba-medios-8' alt=''  itemprop=\"thumbnailUrl\" srcset=\"https:\/\/www.indaraba.es\/wp-content\/uploads\/2015\/10\/indaraba-medios-8.jpg 900w, https:\/\/www.indaraba.es\/wp-content\/uploads\/2015\/10\/indaraba-medios-8-300x200.jpg 300w, https:\/\/www.indaraba.es\/wp-content\/uploads\/2015\/10\/indaraba-medios-8-768x513.jpg 768w, https:\/\/www.indaraba.es\/wp-content\/uploads\/2015\/10\/indaraba-medios-8-705x471.jpg 705w, https:\/\/www.indaraba.es\/wp-content\/uploads\/2015\/10\/indaraba-medios-8-450x301.jpg 450w\" sizes=\"(max-width: 900px) 100vw, 900px\" \/><\/div><\/li><\/ul><div class='avia-slideshow-arrows avia-slideshow-controls' ><a href='#prev' class='prev-slide  avia-svg-icon avia-font-svg_entypo-fontello' data-av_svg_icon='left-open-big' data-av_iconset='svg_entypo-fontello' tabindex='-1' title=\"Zur\u00fcck\"><svg version=\"1.1\" xmlns=\"http:\/\/www.w3.org\/2000\/svg\" width=\"15\" height=\"32\" viewBox=\"0 0 15 32\" preserveAspectRatio=\"xMidYMid meet\" aria-labelledby='av-svg-title-1' aria-describedby='av-svg-desc-1' role=\"graphics-symbol\" aria-hidden=\"true\">\n<title id='av-svg-title-1'>Zur\u00fcck<\/title>\n<desc id='av-svg-desc-1'>Zur\u00fcck<\/desc>\n<path d=\"M14.464 27.84q0.832 0.832 0 1.536-0.832 0.832-1.536 0l-12.544-12.608q-0.768-0.768 0-1.6l12.544-12.608q0.704-0.832 1.536 0 0.832 0.704 0 1.536l-11.456 11.904z\"><\/path>\n<\/svg><span class='avia_hidden_link_text'>Zur\u00fcck<\/span><\/a><a href='#next' class='next-slide  avia-svg-icon avia-font-svg_entypo-fontello' data-av_svg_icon='right-open-big' data-av_iconset='svg_entypo-fontello' tabindex='-1' title=\"Weiter\"><svg version=\"1.1\" xmlns=\"http:\/\/www.w3.org\/2000\/svg\" width=\"15\" height=\"32\" viewBox=\"0 0 15 32\" preserveAspectRatio=\"xMidYMid meet\" aria-labelledby='av-svg-title-2' aria-describedby='av-svg-desc-2' role=\"graphics-symbol\" aria-hidden=\"true\">\n<title id='av-svg-title-2'>Weiter<\/title>\n<desc id='av-svg-desc-2'>Weiter<\/desc>\n<path d=\"M0.416 27.84l11.456-11.84-11.456-11.904q-0.832-0.832 0-1.536 0.832-0.832 1.536 0l12.544 12.608q0.768 0.832 0 1.6l-12.544 12.608q-0.704 0.832-1.536 0-0.832-0.704 0-1.536z\"><\/path>\n<\/svg><span class='avia_hidden_link_text'>Weiter<\/span><\/a><\/div><div class='avia-slideshow-dots avia-slideshow-controls'><a href='#1' class='goto-slide active' >1<\/a><a href='#2' class='goto-slide ' >2<\/a><a href='#3' class='goto-slide ' >3<\/a><a href='#4' class='goto-slide ' >4<\/a><a href='#5' class='goto-slide ' >5<\/a><a href='#6' class='goto-slide ' >6<\/a><a href='#7' class='goto-slide ' >7<\/a><a href='#8' class='goto-slide ' >8<\/a><\/div><\/div><br \/>\n\n<style type=\"text\/css\" data-created_by=\"avia_inline_auto\" id=\"style-css-av-17tfbx-506c0db45a852cf5f9bec421c5b4cde5\">\n#top .av-special-heading.av-17tfbx-506c0db45a852cf5f9bec421c5b4cde5{\npadding-bottom:0;\n}\nbody .av-special-heading.av-17tfbx-506c0db45a852cf5f9bec421c5b4cde5 .av-special-heading-tag .heading-char{\nfont-size:25px;\n}\n.av-special-heading.av-17tfbx-506c0db45a852cf5f9bec421c5b4cde5 .av-subheading{\nfont-size:15px;\n}\n<\/style>\n<div  class='av-special-heading av-17tfbx-506c0db45a852cf5f9bec421c5b4cde5 av-special-heading-h3 blockquote modern-quote  avia-builder-el-6  el_after_av_slideshow  el_before_av_hr '><h3 class='av-special-heading-tag '  itemprop=\"headline\"  >Unsere Maschinen<\/h3><div class=\"special-heading-border\"><div class=\"special-heading-inner-border\"><\/div><\/div><\/div><br \/>\n\n<style type=\"text\/css\" data-created_by=\"avia_inline_auto\" id=\"style-css-av-13n7x9-f60f8501e6843ba8bf8aed229001130c\">\n#top .hr.av-13n7x9-f60f8501e6843ba8bf8aed229001130c{\nmargin-top:10px;\nmargin-bottom:10px;\n}\n.hr.av-13n7x9-f60f8501e6843ba8bf8aed229001130c .hr-inner{\nwidth:50px;\nborder-color:#efbb20;\n}\n<\/style>\n<div  class='hr av-13n7x9-f60f8501e6843ba8bf8aed229001130c hr-custom  avia-builder-el-7  el_after_av_heading  el_before_av_textblock  hr-left hr-icon-no'><span class='hr-inner inner-border-av-border-fat'><span class=\"hr-inner-style\"><\/span><\/span><\/div><br \/>\n<section  class='av_textblock_section av-yo9sl-1d7250ef9de8a0060a08c8dde7da4f20 '   itemscope=\"itemscope\" itemtype=\"https:\/\/schema.org\/CreativeWork\" ><div class='avia_textblock'  itemprop=\"text\" ><ul>\n<li>10 Horizontal Bearbeitungszentren \u201eMori Seiki\u201c, 500er Palette<\/li>\n<li>10 CNC-Bearbeitungszentren, 4 Achsen, vertikal, bis 1000er Tisch.<\/li>\n<li>CNC \u2013 Fr\u00e4smaschinen.<\/li>\n<li>Pr\u00e4zisionsschleifmaschine f\u00fcr ebene Fl\u00e4chen.<\/li>\n<li>2 Vertikal R\u00e4ummaschine.<\/li>\n<li>4 SUNNEN Honmaschine, mit1,5 bis 165 mm. Innendurchmesser.<\/li>\n<li>S\u00e4ulenbohrmaschinen.<\/li>\n<li>TABE TAL Abstechbank.<\/li>\n<li>Gewindeschneidmaschine mit automatischem Arbeitsablauf.<\/li>\n<li>STUDER Profilschleifmaschine<\/li>\n<\/ul>\n<\/div><\/section><\/p><\/div>\n<style type=\"text\/css\" data-created_by=\"avia_inline_auto\" id=\"style-css-av-tmh1h-339e27e8974913e10a60537bd7aabc48\">\n.flex_column.av-tmh1h-339e27e8974913e10a60537bd7aabc48{\nborder-radius:0px 0px 0px 0px;\npadding:0px 0px 0px 0px;\n}\n<\/style>\n<div  class='flex_column av-tmh1h-339e27e8974913e10a60537bd7aabc48 av_one_half  avia-builder-el-9  el_after_av_one_half  avia-builder-el-last  flex_column_div av-zero-column-padding  column-top-margin'     ><p>\n<style type=\"text\/css\" data-created_by=\"avia_inline_auto\" id=\"style-css-av-m0rn9-9fc01a1afe984fe6e8cf98a7eebd5bfb\">\n#top .av-special-heading.av-m0rn9-9fc01a1afe984fe6e8cf98a7eebd5bfb{\npadding-bottom:0;\n}\nbody .av-special-heading.av-m0rn9-9fc01a1afe984fe6e8cf98a7eebd5bfb .av-special-heading-tag .heading-char{\nfont-size:25px;\n}\n.av-special-heading.av-m0rn9-9fc01a1afe984fe6e8cf98a7eebd5bfb .av-subheading{\nfont-size:15px;\n}\n<\/style>\n<div  class='av-special-heading av-m0rn9-9fc01a1afe984fe6e8cf98a7eebd5bfb av-special-heading-h3 blockquote modern-quote  avia-builder-el-10  el_before_av_hr  avia-builder-el-first '><h3 class='av-special-heading-tag '  itemprop=\"headline\"  >Unsere Produkte<\/h3><div class=\"special-heading-border\"><div class=\"special-heading-inner-border\"><\/div><\/div><\/div><br \/>\n\n<style type=\"text\/css\" data-created_by=\"avia_inline_auto\" id=\"style-css-av-dyepp-50a71b42f099b9c2d7d81101a74f8ea3\">\n#top .hr.av-dyepp-50a71b42f099b9c2d7d81101a74f8ea3{\nmargin-top:10px;\nmargin-bottom:10px;\n}\n.hr.av-dyepp-50a71b42f099b9c2d7d81101a74f8ea3 .hr-inner{\nwidth:50px;\nborder-color:#efbb20;\n}\n<\/style>\n<div  class='hr av-dyepp-50a71b42f099b9c2d7d81101a74f8ea3 hr-custom  avia-builder-el-11  el_after_av_heading  el_before_av_textblock  hr-left hr-icon-no'><span class='hr-inner inner-border-av-border-fat'><span class=\"hr-inner-style\"><\/span><\/span><\/div><br \/>\n<section  class='av_textblock_section av-8pd5p-bc041716a5ee382096143ae91e049441 '   itemscope=\"itemscope\" itemtype=\"https:\/\/schema.org\/CreativeWork\" ><div class='avia_textblock'  itemprop=\"text\" ><ul>\n<li>Teilegewichte bis zu 25 kg<\/li>\n<li>Teilegr\u00f6sse bis 500x500x750<\/li>\n<li>Diese Zahlen k\u00f6nnen in Abh\u00e4ngigkeit der Vorrichtungen leicht variieren<\/li>\n<\/ul>\n<\/div><\/section><\/p><\/div><\/p>\n","protected":false},"excerpt":{"rendered":"","protected":false},"author":1,"featured_media":0,"parent":0,"menu_order":0,"comment_status":"closed","ping_status":"closed","template":"","meta":{"footnotes":""},"class_list":["post-1356","page","type-page","status-publish","hentry"],"yoast_head":"<!-- This site is optimized with the Yoast SEO plugin v27.3 - https:\/\/yoast.com\/product\/yoast-seo-wordpress\/ -->\n<title>Betriebsmittel - Indaraba<\/title>\n<meta name=\"description\" content=\"Betriebsmittel: Unsere Bearbeitungszentren \u2013 neueste Maschinengeneration\" \/>\n<meta name=\"robots\" content=\"index, follow, max-snippet:-1, max-image-preview:large, max-video-preview:-1\" \/>\n<link rel=\"canonical\" href=\"https:\/\/www.indaraba.es\/de\/betriebsmittel-2\/\" \/>\n<meta property=\"og:locale\" content=\"de_DE\" \/>\n<meta property=\"og:type\" content=\"article\" \/>\n<meta property=\"og:title\" content=\"Betriebsmittel - Indaraba\" \/>\n<meta property=\"og:description\" content=\"Betriebsmittel: Unsere Bearbeitungszentren \u2013 neueste Maschinengeneration\" \/>\n<meta property=\"og:url\" content=\"https:\/\/www.indaraba.es\/de\/betriebsmittel-2\/\" \/>\n<meta property=\"og:site_name\" content=\"Indaraba\" \/>\n<meta property=\"article:modified_time\" content=\"2025-09-11T07:24:13+00:00\" \/>\n<meta name=\"twitter:card\" content=\"summary_large_image\" \/>\n<meta name=\"twitter:label1\" content=\"Gesch\u00e4tzte Lesezeit\" \/>\n\t<meta name=\"twitter:data1\" content=\"2\u00a0Minuten\" \/>\n<script type=\"application\/ld+json\" class=\"yoast-schema-graph\">{\"@context\":\"https:\\\/\\\/schema.org\",\"@graph\":[{\"@type\":\"WebPage\",\"@id\":\"https:\\\/\\\/www.indaraba.es\\\/de\\\/betriebsmittel-2\\\/\",\"url\":\"https:\\\/\\\/www.indaraba.es\\\/de\\\/betriebsmittel-2\\\/\",\"name\":\"Betriebsmittel - Indaraba\",\"isPartOf\":{\"@id\":\"https:\\\/\\\/www.indaraba.es\\\/#website\"},\"datePublished\":\"2015-10-15T13:32:49+00:00\",\"dateModified\":\"2025-09-11T07:24:13+00:00\",\"description\":\"Betriebsmittel: Unsere Bearbeitungszentren \u2013 neueste Maschinengeneration\",\"breadcrumb\":{\"@id\":\"https:\\\/\\\/www.indaraba.es\\\/de\\\/betriebsmittel-2\\\/#breadcrumb\"},\"inLanguage\":\"de\",\"potentialAction\":[{\"@type\":\"ReadAction\",\"target\":[\"https:\\\/\\\/www.indaraba.es\\\/de\\\/betriebsmittel-2\\\/\"]}]},{\"@type\":\"BreadcrumbList\",\"@id\":\"https:\\\/\\\/www.indaraba.es\\\/de\\\/betriebsmittel-2\\\/#breadcrumb\",\"itemListElement\":[{\"@type\":\"ListItem\",\"position\":1,\"name\":\"Portada\",\"item\":\"https:\\\/\\\/www.indaraba.es\\\/de\\\/\"},{\"@type\":\"ListItem\",\"position\":2,\"name\":\"Betriebsmittel\"}]},{\"@type\":\"WebSite\",\"@id\":\"https:\\\/\\\/www.indaraba.es\\\/#website\",\"url\":\"https:\\\/\\\/www.indaraba.es\\\/\",\"name\":\"Indaraba\",\"description\":\"Mecanizado CNC\",\"potentialAction\":[{\"@type\":\"SearchAction\",\"target\":{\"@type\":\"EntryPoint\",\"urlTemplate\":\"https:\\\/\\\/www.indaraba.es\\\/?s={search_term_string}\"},\"query-input\":{\"@type\":\"PropertyValueSpecification\",\"valueRequired\":true,\"valueName\":\"search_term_string\"}}],\"inLanguage\":\"de\"}]}<\/script>\n<!-- \/ Yoast SEO plugin. -->","yoast_head_json":{"title":"Betriebsmittel - Indaraba","description":"Betriebsmittel: Unsere Bearbeitungszentren \u2013 neueste Maschinengeneration","robots":{"index":"index","follow":"follow","max-snippet":"max-snippet:-1","max-image-preview":"max-image-preview:large","max-video-preview":"max-video-preview:-1"},"canonical":"https:\/\/www.indaraba.es\/de\/betriebsmittel-2\/","og_locale":"de_DE","og_type":"article","og_title":"Betriebsmittel - Indaraba","og_description":"Betriebsmittel: Unsere Bearbeitungszentren \u2013 neueste Maschinengeneration","og_url":"https:\/\/www.indaraba.es\/de\/betriebsmittel-2\/","og_site_name":"Indaraba","article_modified_time":"2025-09-11T07:24:13+00:00","twitter_card":"summary_large_image","twitter_misc":{"Gesch\u00e4tzte Lesezeit":"2\u00a0Minuten"},"schema":{"@context":"https:\/\/schema.org","@graph":[{"@type":"WebPage","@id":"https:\/\/www.indaraba.es\/de\/betriebsmittel-2\/","url":"https:\/\/www.indaraba.es\/de\/betriebsmittel-2\/","name":"Betriebsmittel - Indaraba","isPartOf":{"@id":"https:\/\/www.indaraba.es\/#website"},"datePublished":"2015-10-15T13:32:49+00:00","dateModified":"2025-09-11T07:24:13+00:00","description":"Betriebsmittel: Unsere Bearbeitungszentren \u2013 neueste Maschinengeneration","breadcrumb":{"@id":"https:\/\/www.indaraba.es\/de\/betriebsmittel-2\/#breadcrumb"},"inLanguage":"de","potentialAction":[{"@type":"ReadAction","target":["https:\/\/www.indaraba.es\/de\/betriebsmittel-2\/"]}]},{"@type":"BreadcrumbList","@id":"https:\/\/www.indaraba.es\/de\/betriebsmittel-2\/#breadcrumb","itemListElement":[{"@type":"ListItem","position":1,"name":"Portada","item":"https:\/\/www.indaraba.es\/de\/"},{"@type":"ListItem","position":2,"name":"Betriebsmittel"}]},{"@type":"WebSite","@id":"https:\/\/www.indaraba.es\/#website","url":"https:\/\/www.indaraba.es\/","name":"Indaraba","description":"Mecanizado CNC","potentialAction":[{"@type":"SearchAction","target":{"@type":"EntryPoint","urlTemplate":"https:\/\/www.indaraba.es\/?s={search_term_string}"},"query-input":{"@type":"PropertyValueSpecification","valueRequired":true,"valueName":"search_term_string"}}],"inLanguage":"de"}]}},"_links":{"self":[{"href":"https:\/\/www.indaraba.es\/de\/wp-json\/wp\/v2\/pages\/1356","targetHints":{"allow":["GET"]}}],"collection":[{"href":"https:\/\/www.indaraba.es\/de\/wp-json\/wp\/v2\/pages"}],"about":[{"href":"https:\/\/www.indaraba.es\/de\/wp-json\/wp\/v2\/types\/page"}],"author":[{"embeddable":true,"href":"https:\/\/www.indaraba.es\/de\/wp-json\/wp\/v2\/users\/1"}],"replies":[{"embeddable":true,"href":"https:\/\/www.indaraba.es\/de\/wp-json\/wp\/v2\/comments?post=1356"}],"version-history":[{"count":11,"href":"https:\/\/www.indaraba.es\/de\/wp-json\/wp\/v2\/pages\/1356\/revisions"}],"predecessor-version":[{"id":1999,"href":"https:\/\/www.indaraba.es\/de\/wp-json\/wp\/v2\/pages\/1356\/revisions\/1999"}],"wp:attachment":[{"href":"https:\/\/www.indaraba.es\/de\/wp-json\/wp\/v2\/media?parent=1356"}],"curies":[{"name":"wp","href":"https:\/\/api.w.org\/{rel}","templated":true}]}}