{"id":1338,"date":"2015-10-15T15:32:40","date_gmt":"2015-10-15T13:32:40","guid":{"rendered":"http:\/\/www.indaraba.es\/contacto\/"},"modified":"2017-10-05T13:31:29","modified_gmt":"2017-10-05T11:31:29","slug":"kontakt","status":"publish","type":"page","link":"https:\/\/www.indaraba.es\/de\/kontakt\/","title":{"rendered":"Kontakt"},"content":{"rendered":"<div  class='av_gmaps_sc_main_wrap av_gmaps_main_wrap '><div id='av_gmap_0' class='avia-google-map-container avia-google-map-sc av_gmaps_show_unconditionally av-no-fallback-img ' data-mapid='av_gmap_0'  style='height: 400px;'><a class=\"av_gmaps_browser_disabled av_text_confirm_link av_text_confirm_link_visible\" href=\"https:\/\/www.google.com\/maps\/search\/?api=1&#038;query=uzbina,%201%20%20Vitoria-Gasteiz%20%20Espa\u00f1a\" target=\"_blank\">Aufgrund deiner Datenschutz-Einstellungen k\u00f6nnen wir Ihnen die Karte nicht anzeigen. Klicken Sie hier, um die Karte in einem neuen Fenster zu \u00f6ffnen.<\/a><\/div><\/div>\n\n<style type=\"text\/css\" data-created_by=\"avia_inline_auto\" id=\"style-css-av-av_heading-03b212df243c7a538faf133bf350af10\">\n#top .av-special-heading.av-av_heading-03b212df243c7a538faf133bf350af10{\npadding-bottom:0;\n}\nbody .av-special-heading.av-av_heading-03b212df243c7a538faf133bf350af10 .av-special-heading-tag .heading-char{\nfont-size:25px;\n}\n.av-special-heading.av-av_heading-03b212df243c7a538faf133bf350af10 .av-subheading{\nfont-size:15px;\n}\n<\/style>\n<div  class='av-special-heading av-av_heading-03b212df243c7a538faf133bf350af10 av-special-heading-h1 blockquote modern-quote modern-centered  avia-builder-el-1  el_after_av_google_map  el_before_av_hr  avia-builder-el-first '><h1 class='av-special-heading-tag '  itemprop=\"headline\"  >Direktkontakt<\/h1><div class=\"special-heading-border\"><div class=\"special-heading-inner-border\"><\/div><\/div><\/div>\n<div  class='hr av-av_hr-2752bf61ec4f36f4a876454bccb9ff63 hr-short  avia-builder-el-2  el_after_av_heading  el_before_av_two_third  hr-center'><span class='hr-inner '><span class=\"hr-inner-style\"><\/span><\/span><\/div>\n\n<style type=\"text\/css\" data-created_by=\"avia_inline_auto\" id=\"style-css-av-av_two_third-d71a51a707c4656b37c9afbbd6138215\">\n.flex_column.av-av_two_third-d71a51a707c4656b37c9afbbd6138215{\nborder-radius:0px 0px 0px 0px;\npadding:0px 0px 0px 0px;\n}\n<\/style>\n<div  class='flex_column av-av_two_third-d71a51a707c4656b37c9afbbd6138215 av_two_third  avia-builder-el-3  el_after_av_hr  el_before_av_one_third  first flex_column_div av-animated-generic bottom-to-top av-zero-column-padding  '     ><p>\n<style type=\"text\/css\" data-created_by=\"avia_inline_auto\" id=\"style-css-av-av_heading-09399f7ad8e268bd56cef02114dbb331\">\n#top .av-special-heading.av-av_heading-09399f7ad8e268bd56cef02114dbb331{\npadding-bottom:0;\n}\nbody .av-special-heading.av-av_heading-09399f7ad8e268bd56cef02114dbb331 .av-special-heading-tag .heading-char{\nfont-size:25px;\n}\n.av-special-heading.av-av_heading-09399f7ad8e268bd56cef02114dbb331 .av-subheading{\nfont-size:15px;\n}\n<\/style>\n<div  class='av-special-heading av-av_heading-09399f7ad8e268bd56cef02114dbb331 av-special-heading-h2 blockquote modern-quote  avia-builder-el-4  el_before_av_hr  avia-builder-el-first '><h2 class='av-special-heading-tag '  itemprop=\"headline\"  >Kontaktformular<\/h2><div class=\"special-heading-border\"><div class=\"special-heading-inner-border\"><\/div><\/div><\/div><br \/>\n<div  class='hr av-av_hr-f1be27451e25a48f1cab1e51225060f7 hr-short  avia-builder-el-5  el_after_av_heading  el_before_av_textblock  hr-left'><span class='hr-inner '><span class=\"hr-inner-style\"><\/span><\/span><\/div><br \/>\n<section  class='av_textblock_section av-av_textblock-0366cc7376be6c9e82a3e9cc8987b64f '   itemscope=\"itemscope\" itemtype=\"https:\/\/schema.org\/CreativeWork\" ><div class='avia_textblock'  itemprop=\"text\" >\n<div class=\"wpcf7 no-js\" id=\"wpcf7-f1508-o1\" lang=\"es-ES\" dir=\"ltr\" data-wpcf7-id=\"1508\">\n<div class=\"screen-reader-response\"><p role=\"status\" aria-live=\"polite\" aria-atomic=\"true\"><\/p> <ul><\/ul><\/div>\n<form action=\"\/de\/wp-json\/wp\/v2\/pages\/1338#wpcf7-f1508-o1\" method=\"post\" class=\"wpcf7-form init\" aria-label=\"Formulario de contacto\" novalidate=\"novalidate\" data-status=\"init\">\n<fieldset class=\"hidden-fields-container\"><input type=\"hidden\" name=\"_wpcf7\" value=\"1508\" \/><input type=\"hidden\" name=\"_wpcf7_version\" value=\"6.1.5\" \/><input type=\"hidden\" name=\"_wpcf7_locale\" value=\"es_ES\" \/><input type=\"hidden\" name=\"_wpcf7_unit_tag\" value=\"wpcf7-f1508-o1\" \/><input type=\"hidden\" name=\"_wpcf7_container_post\" value=\"0\" \/><input type=\"hidden\" name=\"_wpcf7_posted_data_hash\" value=\"\" \/><input type=\"hidden\" name=\"_wpcf7_recaptcha_response\" value=\"\" \/>\n<\/fieldset>\n<p>Name (*)\n<\/p>\n<p><span class=\"wpcf7-form-control-wrap\" data-name=\"your-name\"><input size=\"40\" maxlength=\"400\" class=\"wpcf7-form-control wpcf7-text wpcf7-validates-as-required\" aria-required=\"true\" aria-invalid=\"false\" value=\"\" type=\"text\" name=\"your-name\" \/><\/span>\n<\/p>\n<p>E-mail (*)\n<\/p>\n<p><span class=\"wpcf7-form-control-wrap\" data-name=\"your-email\"><input size=\"40\" maxlength=\"400\" class=\"wpcf7-form-control wpcf7-email wpcf7-validates-as-required wpcf7-text wpcf7-validates-as-email\" aria-required=\"true\" aria-invalid=\"false\" value=\"\" type=\"email\" name=\"your-email\" \/><\/span>\n<\/p>\n<p>Betreff\n<\/p>\n<p><span class=\"wpcf7-form-control-wrap\" data-name=\"your-subject\"><input size=\"40\" maxlength=\"400\" class=\"wpcf7-form-control wpcf7-text\" aria-invalid=\"false\" value=\"\" type=\"text\" name=\"your-subject\" \/><\/span>\n<\/p>\n<p>Ihre Nachricht\n<\/p>\n<p><span class=\"wpcf7-form-control-wrap\" data-name=\"your-message\"><textarea cols=\"40\" rows=\"10\" maxlength=\"2000\" class=\"wpcf7-form-control wpcf7-textarea\" aria-invalid=\"false\" name=\"your-message\"><\/textarea><\/span>\n<\/p>\n<p>\n\n<\/p>\n<p><span class=\"wpcf7-form-control-wrap\" data-name=\"acceptance-303\"><span class=\"wpcf7-form-control wpcf7-acceptance\"><span class=\"wpcf7-list-item\"><input type=\"checkbox\" name=\"acceptance-303\" value=\"1\" aria-invalid=\"false\" \/><\/span><\/span><\/span> Ich bin mit den Datenschutzbestimmungen einverstanden\n<\/p>\n<p class=\"aviso\">\u201cWie im Gesetz 15\/1999 vom 13. Dezember \"zum Schutz pers\u00f6nlicher Daten\" festgelegt bin ich damit einverstanden, dass meine Daten in einem Formular von \"Industrias Araba, S.L.\" erfasst und zum Zweck der Komunikation mit mir benutzt werden. Ausserdem bin ich informiert \u00fcber die Zugangsrechte, Ver\u00e4nderungsrechte, L\u00f6schung und Beschr\u00e4nkungen die ich im Sitz von Industrias Aaraba,S.L., Uzbina,1(Pol.Ind.J\u00fandiz),01015 Vitoria-Gasteiz(Spanien) aus\u00fcben kann oder \u00fcber E-Mail an die Gesch\u00e4ftsleitung indaraba@indaraba.es\u201d.\n<\/p>\n<p>Bitte best\u00e4tigen Sie, dass Sie den Text gelesen haben und damit einverstanden sind.\n<\/p>\n<p><input class=\"wpcf7-form-control wpcf7-submit has-spinner\" type=\"submit\" value=\"Senden\" \/>\n<\/p><div class=\"wpcf7-response-output\" aria-hidden=\"true\"><\/div>\n<\/form>\n<\/div>\n\n<\/div><\/section><\/p><\/div>\n\n<style type=\"text\/css\" data-created_by=\"avia_inline_auto\" id=\"style-css-av-av_one_third-93bea18e2ccb60552a17080633244dec\">\n.flex_column.av-av_one_third-93bea18e2ccb60552a17080633244dec{\nborder-radius:0px 0px 0px 0px;\npadding:0px 0px 0px 0px;\n}\n<\/style>\n<div  class='flex_column av-av_one_third-93bea18e2ccb60552a17080633244dec av_one_third  avia-builder-el-7  el_after_av_two_third  avia-builder-el-last  flex_column_div av-animated-generic bottom-to-top av-zero-column-padding  '     ><p>\n<style type=\"text\/css\" data-created_by=\"avia_inline_auto\" id=\"style-css-av-av_heading-7061176a645d4fb180cfbe789e94a856\">\n#top .av-special-heading.av-av_heading-7061176a645d4fb180cfbe789e94a856{\npadding-bottom:0;\n}\nbody .av-special-heading.av-av_heading-7061176a645d4fb180cfbe789e94a856 .av-special-heading-tag .heading-char{\nfont-size:25px;\n}\n.av-special-heading.av-av_heading-7061176a645d4fb180cfbe789e94a856 .av-subheading{\nfont-size:15px;\n}\n<\/style>\n<div  class='av-special-heading av-av_heading-7061176a645d4fb180cfbe789e94a856 av-special-heading-h2 blockquote modern-quote  avia-builder-el-8  el_before_av_hr  avia-builder-el-first '><h2 class='av-special-heading-tag '  itemprop=\"headline\"  >Unser Firmensitz<\/h2><div class=\"special-heading-border\"><div class=\"special-heading-inner-border\"><\/div><\/div><\/div><br \/>\n<div  class='hr av-av_hr-f1be27451e25a48f1cab1e51225060f7 hr-short  avia-builder-el-9  el_after_av_heading  el_before_av_image  hr-left'><span class='hr-inner '><span class=\"hr-inner-style\"><\/span><\/span><\/div><br \/>\n\n<style type=\"text\/css\" data-created_by=\"avia_inline_auto\" id=\"style-css-av-av_image-b856533b4cca9803c96ffda3e20ef3de\">\n.avia-image-container.av-av_image-b856533b4cca9803c96ffda3e20ef3de img.avia_image{\nbox-shadow:none;\n}\n.avia-image-container.av-av_image-b856533b4cca9803c96ffda3e20ef3de .av-image-caption-overlay-center{\ncolor:#ffffff;\n}\n<\/style>\n<div  class='avia-image-container av-av_image-b856533b4cca9803c96ffda3e20ef3de av-styling- avia-align-center  avia-builder-el-10  el_after_av_hr  el_before_av_hr '   itemprop=\"image\" itemscope=\"itemscope\" itemtype=\"https:\/\/schema.org\/ImageObject\" ><div class=\"avia-image-container-inner\"><div class=\"avia-image-overlay-wrap\"><img decoding=\"async\" fetchpriority=\"high\" class='wp-image-1619 avia-img-lazy-loading-not-1619 avia_image ' src=\"https:\/\/www.indaraba.es\/wp-content\/uploads\/2015\/10\/fachada-indaraba-2.jpg\" alt='' title='fachada-indaraba-2'  height=\"534\" width=\"800\"  itemprop=\"thumbnailUrl\" srcset=\"https:\/\/www.indaraba.es\/wp-content\/uploads\/2015\/10\/fachada-indaraba-2.jpg 800w, https:\/\/www.indaraba.es\/wp-content\/uploads\/2015\/10\/fachada-indaraba-2-300x200.jpg 300w, https:\/\/www.indaraba.es\/wp-content\/uploads\/2015\/10\/fachada-indaraba-2-768x513.jpg 768w, https:\/\/www.indaraba.es\/wp-content\/uploads\/2015\/10\/fachada-indaraba-2-705x471.jpg 705w, https:\/\/www.indaraba.es\/wp-content\/uploads\/2015\/10\/fachada-indaraba-2-450x300.jpg 450w\" sizes=\"(max-width: 800px) 100vw, 800px\" \/><\/div><\/div><\/div><br \/>\n\n<style type=\"text\/css\" data-created_by=\"avia_inline_auto\" id=\"style-css-av-av_hr-616cd310f4c6bf63bbd1f033802c1165\">\n#top .hr.hr-invisible.av-av_hr-616cd310f4c6bf63bbd1f033802c1165{\nheight:20px;\n}\n<\/style>\n<div  class='hr av-av_hr-616cd310f4c6bf63bbd1f033802c1165 hr-invisible  avia-builder-el-11  el_after_av_image  el_before_av_textblock '><span class='hr-inner '><span class=\"hr-inner-style\"><\/span><\/span><\/div><br \/>\n<section  class='av_textblock_section av-av_textblock-396ddf1f42196ca838231e61a4602801 '   itemscope=\"itemscope\" itemtype=\"https:\/\/schema.org\/CreativeWork\" ><div class='avia_textblock'  itemprop=\"text\" ><p><strong><span id=\"result_box\" class=\"short_text\" lang=\"de\"><span class=\"\">Anschrift<\/span><\/span><\/strong><br \/>\nUzbina, 1 (Polig. Ind. J\u00fandiz)<br \/>\n01015 Vitoria-Gasteiz (Spain)<\/p>\n<p><strong>Kontakt<\/strong><br \/>\n<strong>Tel:<\/strong> +34- 945 29 03 68<br \/>\n<strong>Fax:<\/strong> +34-945 29 03 45<br \/>\nindaraba@indaraba.es<\/p>\n<p><strong>Gesch\u00e4ftszeiten:<\/strong><br \/>\nMon-Fr: 8:00-19:00<br \/>\nSa: 8:00-14:00<br \/>\nSon: geschlossen<\/p>\n<\/div><\/section><\/p><\/div>\n","protected":false},"excerpt":{"rendered":"","protected":false},"author":1,"featured_media":0,"parent":0,"menu_order":0,"comment_status":"closed","ping_status":"closed","template":"","meta":{"footnotes":""},"class_list":["post-1338","page","type-page","status-publish","hentry"],"yoast_head":"<!-- This site is optimized with the Yoast SEO plugin v27.3 - https:\/\/yoast.com\/product\/yoast-seo-wordpress\/ -->\n<title>Kontakt - Indaraba<\/title>\n<meta name=\"description\" content=\"Kontakt: Uzbina, 1 (Polig. Ind. J\u00fandiz), 01015 Vitoria-Gasteiz (Spain), Tfno: +34- 945 29 03 68, Fax: +34-945 29 03 45, indaraba@indaraba.es\" \/>\n<meta name=\"robots\" content=\"index, follow, max-snippet:-1, max-image-preview:large, max-video-preview:-1\" \/>\n<link rel=\"canonical\" href=\"https:\/\/www.indaraba.es\/de\/kontakt\/\" \/>\n<meta property=\"og:locale\" content=\"de_DE\" \/>\n<meta property=\"og:type\" content=\"article\" \/>\n<meta property=\"og:title\" content=\"Kontakt - Indaraba\" \/>\n<meta property=\"og:description\" content=\"Kontakt: Uzbina, 1 (Polig. Ind. J\u00fandiz), 01015 Vitoria-Gasteiz (Spain), Tfno: +34- 945 29 03 68, Fax: +34-945 29 03 45, indaraba@indaraba.es\" \/>\n<meta property=\"og:url\" content=\"https:\/\/www.indaraba.es\/de\/kontakt\/\" \/>\n<meta property=\"og:site_name\" content=\"Indaraba\" \/>\n<meta property=\"article:modified_time\" content=\"2017-10-05T11:31:29+00:00\" \/>\n<meta name=\"twitter:card\" content=\"summary_large_image\" \/>\n<meta name=\"twitter:label1\" content=\"Gesch\u00e4tzte Lesezeit\" \/>\n\t<meta name=\"twitter:data1\" content=\"3\u00a0Minuten\" \/>\n<script type=\"application\/ld+json\" class=\"yoast-schema-graph\">{\"@context\":\"https:\\\/\\\/schema.org\",\"@graph\":[{\"@type\":\"WebPage\",\"@id\":\"https:\\\/\\\/www.indaraba.es\\\/de\\\/kontakt\\\/\",\"url\":\"https:\\\/\\\/www.indaraba.es\\\/de\\\/kontakt\\\/\",\"name\":\"Kontakt - Indaraba\",\"isPartOf\":{\"@id\":\"https:\\\/\\\/www.indaraba.es\\\/#website\"},\"datePublished\":\"2015-10-15T13:32:40+00:00\",\"dateModified\":\"2017-10-05T11:31:29+00:00\",\"description\":\"Kontakt: Uzbina, 1 (Polig. Ind. J\u00fandiz), 01015 Vitoria-Gasteiz (Spain), Tfno: +34- 945 29 03 68, Fax: +34-945 29 03 45, indaraba@indaraba.es\",\"breadcrumb\":{\"@id\":\"https:\\\/\\\/www.indaraba.es\\\/de\\\/kontakt\\\/#breadcrumb\"},\"inLanguage\":\"de\",\"potentialAction\":[{\"@type\":\"ReadAction\",\"target\":[\"https:\\\/\\\/www.indaraba.es\\\/de\\\/kontakt\\\/\"]}]},{\"@type\":\"BreadcrumbList\",\"@id\":\"https:\\\/\\\/www.indaraba.es\\\/de\\\/kontakt\\\/#breadcrumb\",\"itemListElement\":[{\"@type\":\"ListItem\",\"position\":1,\"name\":\"Portada\",\"item\":\"https:\\\/\\\/www.indaraba.es\\\/de\\\/\"},{\"@type\":\"ListItem\",\"position\":2,\"name\":\"Kontakt\"}]},{\"@type\":\"WebSite\",\"@id\":\"https:\\\/\\\/www.indaraba.es\\\/#website\",\"url\":\"https:\\\/\\\/www.indaraba.es\\\/\",\"name\":\"Indaraba\",\"description\":\"Mecanizado CNC\",\"potentialAction\":[{\"@type\":\"SearchAction\",\"target\":{\"@type\":\"EntryPoint\",\"urlTemplate\":\"https:\\\/\\\/www.indaraba.es\\\/?s={search_term_string}\"},\"query-input\":{\"@type\":\"PropertyValueSpecification\",\"valueRequired\":true,\"valueName\":\"search_term_string\"}}],\"inLanguage\":\"de\"}]}<\/script>\n<!-- \/ Yoast SEO plugin. -->","yoast_head_json":{"title":"Kontakt - Indaraba","description":"Kontakt: Uzbina, 1 (Polig. Ind. J\u00fandiz), 01015 Vitoria-Gasteiz (Spain), Tfno: +34- 945 29 03 68, Fax: +34-945 29 03 45, indaraba@indaraba.es","robots":{"index":"index","follow":"follow","max-snippet":"max-snippet:-1","max-image-preview":"max-image-preview:large","max-video-preview":"max-video-preview:-1"},"canonical":"https:\/\/www.indaraba.es\/de\/kontakt\/","og_locale":"de_DE","og_type":"article","og_title":"Kontakt - Indaraba","og_description":"Kontakt: Uzbina, 1 (Polig. Ind. J\u00fandiz), 01015 Vitoria-Gasteiz (Spain), Tfno: +34- 945 29 03 68, Fax: +34-945 29 03 45, indaraba@indaraba.es","og_url":"https:\/\/www.indaraba.es\/de\/kontakt\/","og_site_name":"Indaraba","article_modified_time":"2017-10-05T11:31:29+00:00","twitter_card":"summary_large_image","twitter_misc":{"Gesch\u00e4tzte Lesezeit":"3\u00a0Minuten"},"schema":{"@context":"https:\/\/schema.org","@graph":[{"@type":"WebPage","@id":"https:\/\/www.indaraba.es\/de\/kontakt\/","url":"https:\/\/www.indaraba.es\/de\/kontakt\/","name":"Kontakt - Indaraba","isPartOf":{"@id":"https:\/\/www.indaraba.es\/#website"},"datePublished":"2015-10-15T13:32:40+00:00","dateModified":"2017-10-05T11:31:29+00:00","description":"Kontakt: Uzbina, 1 (Polig. Ind. J\u00fandiz), 01015 Vitoria-Gasteiz (Spain), Tfno: +34- 945 29 03 68, Fax: +34-945 29 03 45, indaraba@indaraba.es","breadcrumb":{"@id":"https:\/\/www.indaraba.es\/de\/kontakt\/#breadcrumb"},"inLanguage":"de","potentialAction":[{"@type":"ReadAction","target":["https:\/\/www.indaraba.es\/de\/kontakt\/"]}]},{"@type":"BreadcrumbList","@id":"https:\/\/www.indaraba.es\/de\/kontakt\/#breadcrumb","itemListElement":[{"@type":"ListItem","position":1,"name":"Portada","item":"https:\/\/www.indaraba.es\/de\/"},{"@type":"ListItem","position":2,"name":"Kontakt"}]},{"@type":"WebSite","@id":"https:\/\/www.indaraba.es\/#website","url":"https:\/\/www.indaraba.es\/","name":"Indaraba","description":"Mecanizado CNC","potentialAction":[{"@type":"SearchAction","target":{"@type":"EntryPoint","urlTemplate":"https:\/\/www.indaraba.es\/?s={search_term_string}"},"query-input":{"@type":"PropertyValueSpecification","valueRequired":true,"valueName":"search_term_string"}}],"inLanguage":"de"}]}},"_links":{"self":[{"href":"https:\/\/www.indaraba.es\/de\/wp-json\/wp\/v2\/pages\/1338","targetHints":{"allow":["GET"]}}],"collection":[{"href":"https:\/\/www.indaraba.es\/de\/wp-json\/wp\/v2\/pages"}],"about":[{"href":"https:\/\/www.indaraba.es\/de\/wp-json\/wp\/v2\/types\/page"}],"author":[{"embeddable":true,"href":"https:\/\/www.indaraba.es\/de\/wp-json\/wp\/v2\/users\/1"}],"replies":[{"embeddable":true,"href":"https:\/\/www.indaraba.es\/de\/wp-json\/wp\/v2\/comments?post=1338"}],"version-history":[{"count":6,"href":"https:\/\/www.indaraba.es\/de\/wp-json\/wp\/v2\/pages\/1338\/revisions"}],"predecessor-version":[{"id":1624,"href":"https:\/\/www.indaraba.es\/de\/wp-json\/wp\/v2\/pages\/1338\/revisions\/1624"}],"wp:attachment":[{"href":"https:\/\/www.indaraba.es\/de\/wp-json\/wp\/v2\/media?parent=1338"}],"curies":[{"name":"wp","href":"https:\/\/api.w.org\/{rel}","templated":true}]}}